{"id":3492,"date":"2017-08-28T12:22:39","date_gmt":"2017-08-28T12:22:39","guid":{"rendered":"https:\/\/knight-insurance.com\/contact\/"},"modified":"2018-07-09T15:15:22","modified_gmt":"2018-07-09T14:15:22","slug":"contactenos","status":"publish","type":"page","link":"https:\/\/knight-insurance.com\/es\/contactenos\/","title":{"rendered":"Contactenos"},"content":{"rendered":"<p>[vc_row full_width=\u00bbstretch_row_content_no_spaces\u00bb css=\u00bb.vc_custom_1503478993146{margin-top: 0px !important;padding-top: 0px !important;padding-bottom: 90px !important;}\u00bb][vc_column][vc_gmaps link=\u00bb#E-8_JTNDaWZyYW1lJTIwc3JjJTNEJTIyaHR0cHMlM0ElMkYlMkZ3d3cuZ29vZ2xlLmNvbSUyRm1hcHMlMkZlbWJlZCUzRnBiJTNEJTIxMW0xOCUyMTFtMTIlMjExbTMlMjExZDU0MDAuMDc0MjE2MDI3NTk5NSUyMTJkLTQuNjE0MzY2ODgzOTM5MTIlMjEzZDM2LjU1NjY3NjY5MDY0MjM5JTIxMm0zJTIxMWYwJTIxMmYwJTIxM2YwJTIxM20yJTIxMWkxMDI0JTIxMmk3NjglMjE0ZjEzLjElMjEzbTMlMjExbTIlMjExczB4MCUyNTNBMHgwJTIxMnpNemJDc0RNekp6STRMaklpVGlBMHdyQXpOaWMwTWk0NElsYyUyMTVlMCUyMTNtMiUyMTFzZXMlMjEyc2VzJTIxNHYxNTI0Njc2MTA3NTM5JTIyJTIwd2lkdGglM0QlMjI2MDAlMjIlMjBoZWlnaHQlM0QlMjI0NTAlMjIlMjBmcmFtZWJvcmRlciUzRCUyMjAlMjIlMjBzdHlsZSUzRCUyMmJvcmRlciUzQTAlMjIlMjBhbGxvd2Z1bGxzY3JlZW4lM0UlM0MlMkZpZnJhbWUlM0U=\u00bb][\/vc_column][\/vc_row][vc_row][vc_column width=\u00bb1\/2&#8243;]<div class=\"\">\r\n\t<div class=\"rt-contact-info\">\r\n\t\t\t\t\t<h2 style=\"color:#222222;\">Informacion de Contacto<\/h2>\r\n\t\t\t\t\t<p style=\"color:#222222;\">Cuando necesita el mejor y m\u00e1s confiable corredor de seguros, necesita nuestra empresa. Ll\u00e1menos hoy para obtener m\u00e1s informaci\u00f3n sobre todos nuestros productos.<\/p>\r\n\t\t\t\t\r\n\t\t<ul>\r\n\t\t\t<li><i class=\"fa fa-map-marker\" aria-hidden=\"true\"><\/i> Avenida Nuestro Padre Jes\u00fas Cautivo 51, Edificio Lance del Sol, Bloque I, 1\u00ba A, Los Boliches 29640<\/li><li><i class=\"fa fa-phone\" aria-hidden=\"true\"><\/i> <a href=\"tel:+34 95 266 05 35 \">+34 95 266 05 35 <\/a><\/li><li><i class=\"fa fa-envelope-o\" aria-hidden=\"true\"><\/i> <a href=\"mailto:kibsa@knight-insurance.com\">kibsa@knight-insurance.com<\/a><\/li><li><i class=\"fa fa-fax\" aria-hidden=\"true\"><\/i> +34 951 120 276<\/li>\t\t<\/ul>\r\n\t<\/div>\r\n<\/div>[\/vc_column][vc_column width=\u00bb1\/2&#8243;]\n<div class=\"wpcf7 no-js\" id=\"wpcf7-f3537-o1\" lang=\"en-US\" dir=\"ltr\">\n<div class=\"screen-reader-response\"><p role=\"status\" aria-live=\"polite\" aria-atomic=\"true\"><\/p> <ul><\/ul><\/div>\n<form action=\"\/es\/wp-json\/wp\/v2\/pages\/3492#wpcf7-f3537-o1\" method=\"post\" class=\"wpcf7-form init\" aria-label=\"Contact form\" novalidate=\"novalidate\" data-status=\"init\">\n<div style=\"display: none;\">\n<input type=\"hidden\" name=\"_wpcf7\" value=\"3537\" \/>\n<input type=\"hidden\" name=\"_wpcf7_version\" value=\"5.9.3\" \/>\n<input type=\"hidden\" name=\"_wpcf7_locale\" value=\"en_US\" \/>\n<input type=\"hidden\" name=\"_wpcf7_unit_tag\" value=\"wpcf7-f3537-o1\" \/>\n<input type=\"hidden\" name=\"_wpcf7_container_post\" value=\"0\" \/>\n<input type=\"hidden\" name=\"_wpcf7_posted_data_hash\" value=\"\" \/>\n<input type=\"hidden\" name=\"_wpcf7_recaptcha_response\" value=\"\" \/>\n<\/div>\n<div class=\"contact-form\">\n\t<h2>Formulario de Contacto\n\t<\/h2>\n\t<div class=\"form-group\">\n\t\t<p><span class=\"wpcf7-form-control-wrap\" data-name=\"text-565\"><input size=\"40\" class=\"wpcf7-form-control wpcf7-text wpcf7-validates-as-required form-control\" aria-required=\"true\" aria-invalid=\"false\" placeholder=\"Nombre\" value=\"\" type=\"text\" name=\"text-565\" \/><\/span>\n\t\t<\/p>\n\t<\/div>\n\t<div class=\"form-group\">\n\t\t<p><span class=\"wpcf7-form-control-wrap\" data-name=\"email\"><input size=\"40\" class=\"wpcf7-form-control wpcf7-email wpcf7-validates-as-required wpcf7-text wpcf7-validates-as-email form-control\" aria-required=\"true\" aria-invalid=\"false\" placeholder=\"Email\" value=\"\" type=\"email\" name=\"email\" \/><\/span>\n\t\t<\/p>\n\t<\/div>\n\t<div class=\"form-group\">\n\t\t<p><span class=\"wpcf7-form-control-wrap\" data-name=\"subject\"><input size=\"40\" class=\"wpcf7-form-control wpcf7-text wpcf7-validates-as-required form-control\" id=\"d\" aria-required=\"true\" aria-invalid=\"false\" placeholder=\"Asunto\" value=\"\" type=\"text\" name=\"subject\" \/><\/span>\n\t\t<\/p>\n\t<\/div>\n\t<div class=\"form-group\">\n\t\t<p><span class=\"wpcf7-form-control-wrap\" data-name=\"textarea\"><textarea cols=\"40\" rows=\"10\" class=\"wpcf7-form-control wpcf7-textarea wpcf7-validates-as-required form-control\" aria-required=\"true\" aria-invalid=\"false\" placeholder=\"Mensaje\" name=\"textarea\"><\/textarea><\/span>\n\t\t<\/p>\n\t<\/div>\n\t<div class=\"form-group\">\n\t\t<p><input class=\"wpcf7-form-control wpcf7-submit has-spinner contact-submit\" type=\"submit\" value=\"Enviar Mensaje\" \/>\n\t\t<\/p>\n\t<\/div>\n<\/div><div class=\"wpcf7-response-output\" aria-hidden=\"true\"><\/div>\n<\/form>\n<\/div>\n[\/vc_column][\/vc_row][vc_row full_width=\u00bbstretch_row_content_no_spaces\u00bb css=\u00bb.vc_custom_1503923444781{padding-top: 80px !important;}\u00bb][vc_column]<div class=\"rt-cta  rt-has-sub\">\r\n\t<div class=\"container\">\r\n\t\t<div class=\"row\">\r\n\t\t\t<div class=\"col-lg-8 col-md-8 col-sm-8 col-xs-12\">\r\n\t\t\t\t<div class=\"rtin-cta-left  waste-time-content\">\r\n\t\t\t\t\t<h3>Si necesitas cualquier tipo de seguro<\/h3>\r\n\t\t\t\t\t\t\t\t\t\t<p>No busque mas!<\/p>\r\n\t\t\t\t\t \r\n\t\t\t\t<\/div>\r\n\t\t\t<\/div>\r\n\t\t\t<div class=\"col-lg-4 col-md-4 col-sm-4 col-xs-12\">\r\n\t\t\t\t<div class=\"rtin-cta-right waste-time-button\">\r\n\t\t\t\t\t\t\t\t\t\t<a class=\"rdtheme-button-5\" href=\"\/es\/presupuestos\/\">Presupuesto Gratis<i class=\"fa fa-angle-right\"><\/i><\/a>\r\n\t\t\t\t\t\t\t\t\t<\/div>\r\n\t\t\t<\/div>\r\n\t\t<\/div>\r\n\t<\/div>\r\n<\/div>[\/vc_column][\/vc_row]<\/p>\n","protected":false},"excerpt":{"rendered":"<p>[vc_row full_width=\u00bbstretch_row_content_no_spaces\u00bb css=\u00bb.vc_custom_1503478993146{margin-top: 0px !important;padding-top: 0px !important;padding-bottom: 90px !important;}\u00bb][vc_column][vc_gmaps link=\u00bb#E-8_JTNDaWZyYW1lJTIwc3JjJTNEJTIyaHR0cHMlM0ElMkYlMkZ3d3cuZ29vZ2xlLmNvbSUyRm1hcHMlMkZlbWJlZCUzRnBiJTNEJTIxMW0xOCUyMTFtMTIlMjExbTMlMjExZDU0MDAuMDc0MjE2MDI3NTk5NSUyMTJkLTQuNjE0MzY2ODgzOTM5MTIlMjEzZDM2LjU1NjY3NjY5MDY0MjM5JTIxMm0zJTIxMWYwJTIxMmYwJTIxM2YwJTIxM20yJTIxMWkxMDI0JTIxMmk3NjglMjE0ZjEzLjElMjEzbTMlMjExbTIlMjExczB4MCUyNTNBMHgwJTIxMnpNemJDc0RNekp6STRMaklpVGlBMHdyQXpOaWMwTWk0NElsYyUyMTVlMCUyMTNtMiUyMTFzZXMlMjEyc2VzJTIxNHYxNTI0Njc2MTA3NTM5JTIyJTIwd2lkdGglM0QlMjI2MDAlMjIlMjBoZWlnaHQlM0QlMjI0NTAlMjIlMjBmcmFtZWJvcmRlciUzRCUyMjAlMjIlMjBzdHlsZSUzRCUyMmJvcmRlciUzQTAlMjIlMjBhbGxvd2Z1bGxzY3JlZW4lM0UlM0MlMkZpZnJhbWUlM0U=\u00bb][\/vc_column][\/vc_row][vc_row][vc_column width=\u00bb1\/2&#8243;][\/vc_column][vc_column width=\u00bb1\/2&#8243;][\/vc_column][\/vc_row][vc_row full_width=\u00bbstretch_row_content_no_spaces\u00bb css=\u00bb.vc_custom_1503923444781{padding-top: 80px !important;}\u00bb][vc_column][\/vc_column][\/vc_row]<\/p>\n","protected":false},"author":1,"featured_media":0,"parent":0,"menu_order":0,"comment_status":"closed","ping_status":"closed","template":"","meta":{"footnotes":""},"_links":{"self":[{"href":"https:\/\/knight-insurance.com\/es\/wp-json\/wp\/v2\/pages\/3492"}],"collection":[{"href":"https:\/\/knight-insurance.com\/es\/wp-json\/wp\/v2\/pages"}],"about":[{"href":"https:\/\/knight-insurance.com\/es\/wp-json\/wp\/v2\/types\/page"}],"author":[{"embeddable":true,"href":"https:\/\/knight-insurance.com\/es\/wp-json\/wp\/v2\/users\/1"}],"replies":[{"embeddable":true,"href":"https:\/\/knight-insurance.com\/es\/wp-json\/wp\/v2\/comments?post=3492"}],"version-history":[{"count":9,"href":"https:\/\/knight-insurance.com\/es\/wp-json\/wp\/v2\/pages\/3492\/revisions"}],"predecessor-version":[{"id":3545,"href":"https:\/\/knight-insurance.com\/es\/wp-json\/wp\/v2\/pages\/3492\/revisions\/3545"}],"wp:attachment":[{"href":"https:\/\/knight-insurance.com\/es\/wp-json\/wp\/v2\/media?parent=3492"}],"curies":[{"name":"wp","href":"https:\/\/api.w.org\/{rel}","templated":true}]}}